{"id":798,"date":"2025-03-25T06:30:00","date_gmt":"2025-03-25T03:30:00","guid":{"rendered":"https:\/\/baysajans.com\/favorte\/?post_type=product&#038;p=798"},"modified":"2025-04-28T12:03:20","modified_gmt":"2025-04-28T09:03:20","slug":"cortado","status":"publish","type":"product","link":"https:\/\/qrmenu.favortecoffee.com\/en\/product\/cortado\/","title":{"rendered":"CORTADO"},"content":{"rendered":"","protected":false},"excerpt":{"rendered":"<table>\n<tbody>\n<tr>\n<td>\n<h4 style=\"color: #2c3f31;\">NEW 8 OZ<\/h4>\n<\/td>\n<td>\n<h4 style=\"color: #2c3f31;\"><\/h4>\n<\/td>\n<\/tr>\n<tr>\n<td>\n<h4 style=\"color: #2c3f31;\">\u20ba 125<\/h4>\n<\/td>\n<td><\/td>\n<\/tr>\n<\/tbody>\n<\/table>\n<p><strong>Malzemeler;<\/strong><br \/>\n60ml espresso,<br \/>\n60ml s\u0131cak s\u00fct ve s\u00fct kremas\u0131<\/p>","protected":false},"featured_media":1032,"comment_status":"open","ping_status":"closed","template":"","meta":[],"product_brand":[],"product_cat":[95],"product_tag":[],"class_list":{"0":"post-798","1":"product","2":"type-product","3":"status-publish","4":"has-post-thumbnail","6":"product_cat-espresso-bazli-kahveler","8":"first","9":"instock","10":"shipping-taxable","11":"product-type-simple"},"_links":{"self":[{"href":"https:\/\/qrmenu.favortecoffee.com\/en\/wp-json\/wp\/v2\/product\/798","targetHints":{"allow":["GET"]}}],"collection":[{"href":"https:\/\/qrmenu.favortecoffee.com\/en\/wp-json\/wp\/v2\/product"}],"about":[{"href":"https:\/\/qrmenu.favortecoffee.com\/en\/wp-json\/wp\/v2\/types\/product"}],"replies":[{"embeddable":true,"href":"https:\/\/qrmenu.favortecoffee.com\/en\/wp-json\/wp\/v2\/comments?post=798"}],"wp:featuredmedia":[{"embeddable":true,"href":"https:\/\/qrmenu.favortecoffee.com\/en\/wp-json\/wp\/v2\/media\/1032"}],"wp:attachment":[{"href":"https:\/\/qrmenu.favortecoffee.com\/en\/wp-json\/wp\/v2\/media?parent=798"}],"wp:term":[{"taxonomy":"product_brand","embeddable":true,"href":"https:\/\/qrmenu.favortecoffee.com\/en\/wp-json\/wp\/v2\/product_brand?post=798"},{"taxonomy":"product_cat","embeddable":true,"href":"https:\/\/qrmenu.favortecoffee.com\/en\/wp-json\/wp\/v2\/product_cat?post=798"},{"taxonomy":"product_tag","embeddable":true,"href":"https:\/\/qrmenu.favortecoffee.com\/en\/wp-json\/wp\/v2\/product_tag?post=798"}],"curies":[{"name":"wp","href":"https:\/\/api.w.org\/{rel}","templated":true}]}}