{"id":867,"date":"2025-03-25T08:08:51","date_gmt":"2025-03-25T05:08:51","guid":{"rendered":"https:\/\/baysajans.com\/favorte\/?post_type=product&#038;p=867"},"modified":"2025-03-25T08:11:50","modified_gmt":"2025-03-25T05:11:50","slug":"turk-cayi","status":"publish","type":"product","link":"https:\/\/qrmenu.favortecoffee.com\/en\/product\/turk-cayi\/","title":{"rendered":"T\u00dcRK \u00c7AYI"},"content":{"rendered":"","protected":false},"excerpt":{"rendered":"<table>\n<tbody>\n<tr>\n<td>\n<h4 style=\"color: #2c3f31;\">NEW 8 OZ<\/h4>\n<\/td>\n<td>\n<h4 style=\"color: #2c3f31;\">NEW 12\/14 OZ<\/h4>\n<\/td>\n<\/tr>\n<tr>\n<td>\n<h4 style=\"color: #2c3f31;\">\u20ba 45<\/h4>\n<\/td>\n<td>\n<h4 style=\"color: #2c3f31;\">\u20ba 85<\/h4>\n<\/td>\n<\/tr>\n<\/tbody>\n<\/table>\n<p><strong>Malzemeler;<\/strong><br \/>\n2,5 gram T\u00fcrk \u00e7ay\u0131<br \/>\n200 ml s\u0131cak su<\/p>","protected":false},"featured_media":869,"comment_status":"open","ping_status":"closed","template":"","meta":[],"product_brand":[],"product_cat":[100],"product_tag":[],"class_list":{"0":"post-867","1":"product","2":"type-product","3":"status-publish","4":"has-post-thumbnail","6":"product_cat-favorte-tea","8":"first","9":"instock","10":"shipping-taxable","11":"product-type-simple"},"_links":{"self":[{"href":"https:\/\/qrmenu.favortecoffee.com\/en\/wp-json\/wp\/v2\/product\/867","targetHints":{"allow":["GET"]}}],"collection":[{"href":"https:\/\/qrmenu.favortecoffee.com\/en\/wp-json\/wp\/v2\/product"}],"about":[{"href":"https:\/\/qrmenu.favortecoffee.com\/en\/wp-json\/wp\/v2\/types\/product"}],"replies":[{"embeddable":true,"href":"https:\/\/qrmenu.favortecoffee.com\/en\/wp-json\/wp\/v2\/comments?post=867"}],"wp:featuredmedia":[{"embeddable":true,"href":"https:\/\/qrmenu.favortecoffee.com\/en\/wp-json\/wp\/v2\/media\/869"}],"wp:attachment":[{"href":"https:\/\/qrmenu.favortecoffee.com\/en\/wp-json\/wp\/v2\/media?parent=867"}],"wp:term":[{"taxonomy":"product_brand","embeddable":true,"href":"https:\/\/qrmenu.favortecoffee.com\/en\/wp-json\/wp\/v2\/product_brand?post=867"},{"taxonomy":"product_cat","embeddable":true,"href":"https:\/\/qrmenu.favortecoffee.com\/en\/wp-json\/wp\/v2\/product_cat?post=867"},{"taxonomy":"product_tag","embeddable":true,"href":"https:\/\/qrmenu.favortecoffee.com\/en\/wp-json\/wp\/v2\/product_tag?post=867"}],"curies":[{"name":"wp","href":"https:\/\/api.w.org\/{rel}","templated":true}]}}