{"id":916,"date":"2025-03-26T17:36:31","date_gmt":"2025-03-26T14:36:31","guid":{"rendered":"https:\/\/baysajans.com\/favorte\/?post_type=product&#038;p=916"},"modified":"2025-03-26T17:40:32","modified_gmt":"2025-03-26T14:40:32","slug":"cherry-cake","status":"publish","type":"product","link":"https:\/\/qrmenu.favortecoffee.com\/en\/product\/cherry-cake\/","title":{"rendered":"CHERRY CAKE"},"content":{"rendered":"","protected":false},"excerpt":{"rendered":"<h4 style=\"color: #2c3f31;\">\u20ba 375<\/h4>\n<p><strong>Malzemeler;<\/strong><br \/>\nBitter \u00c7ikolatal\u0131 keke,<br \/>\nvi\u015fne kompostosu,<br \/>\nvi\u015fne ve bitter \u00e7ikolatal\u0131 krema<\/p>","protected":false},"featured_media":917,"comment_status":"open","ping_status":"closed","template":"","meta":[],"product_brand":[],"product_cat":[105],"product_tag":[],"class_list":{"0":"post-916","1":"product","2":"type-product","3":"status-publish","4":"has-post-thumbnail","6":"product_cat-favorte-special-pasta","8":"first","9":"instock","10":"shipping-taxable","11":"product-type-simple"},"_links":{"self":[{"href":"https:\/\/qrmenu.favortecoffee.com\/en\/wp-json\/wp\/v2\/product\/916","targetHints":{"allow":["GET"]}}],"collection":[{"href":"https:\/\/qrmenu.favortecoffee.com\/en\/wp-json\/wp\/v2\/product"}],"about":[{"href":"https:\/\/qrmenu.favortecoffee.com\/en\/wp-json\/wp\/v2\/types\/product"}],"replies":[{"embeddable":true,"href":"https:\/\/qrmenu.favortecoffee.com\/en\/wp-json\/wp\/v2\/comments?post=916"}],"wp:featuredmedia":[{"embeddable":true,"href":"https:\/\/qrmenu.favortecoffee.com\/en\/wp-json\/wp\/v2\/media\/917"}],"wp:attachment":[{"href":"https:\/\/qrmenu.favortecoffee.com\/en\/wp-json\/wp\/v2\/media?parent=916"}],"wp:term":[{"taxonomy":"product_brand","embeddable":true,"href":"https:\/\/qrmenu.favortecoffee.com\/en\/wp-json\/wp\/v2\/product_brand?post=916"},{"taxonomy":"product_cat","embeddable":true,"href":"https:\/\/qrmenu.favortecoffee.com\/en\/wp-json\/wp\/v2\/product_cat?post=916"},{"taxonomy":"product_tag","embeddable":true,"href":"https:\/\/qrmenu.favortecoffee.com\/en\/wp-json\/wp\/v2\/product_tag?post=916"}],"curies":[{"name":"wp","href":"https:\/\/api.w.org\/{rel}","templated":true}]}}