{"id":921,"date":"2025-03-26T17:45:32","date_gmt":"2025-03-26T14:45:32","guid":{"rendered":"https:\/\/baysajans.com\/favorte\/?post_type=product&#038;p=921"},"modified":"2025-03-26T17:46:24","modified_gmt":"2025-03-26T14:46:24","slug":"heart-cake","status":"publish","type":"product","link":"https:\/\/qrmenu.favortecoffee.com\/en\/product\/heart-cake\/","title":{"rendered":"HEART CAKE"},"content":{"rendered":"","protected":false},"excerpt":{"rendered":"<h4 style=\"color: #2c3f31;\">\u20ba 375<\/h4>\n<p><strong>Malzemeler;<\/strong><br \/>\nBadem unlu keke,<br \/>\nkrep k\u0131r\u0131\u011f\u0131 ve beyaz \u00e7ikolatal\u0131 k\u0131t\u0131r katman,<br \/>\norman meyveli krema,<br \/>\norman meyveli komposto,<br \/>\nbeyaz \u00e7ikolata, mus<\/p>","protected":false},"featured_media":919,"comment_status":"open","ping_status":"closed","template":"","meta":[],"product_brand":[],"product_cat":[105],"product_tag":[],"class_list":{"0":"post-921","1":"product","2":"type-product","3":"status-publish","4":"has-post-thumbnail","6":"product_cat-favorte-special-pasta","8":"first","9":"instock","10":"shipping-taxable","11":"product-type-simple"},"_links":{"self":[{"href":"https:\/\/qrmenu.favortecoffee.com\/en\/wp-json\/wp\/v2\/product\/921","targetHints":{"allow":["GET"]}}],"collection":[{"href":"https:\/\/qrmenu.favortecoffee.com\/en\/wp-json\/wp\/v2\/product"}],"about":[{"href":"https:\/\/qrmenu.favortecoffee.com\/en\/wp-json\/wp\/v2\/types\/product"}],"replies":[{"embeddable":true,"href":"https:\/\/qrmenu.favortecoffee.com\/en\/wp-json\/wp\/v2\/comments?post=921"}],"wp:featuredmedia":[{"embeddable":true,"href":"https:\/\/qrmenu.favortecoffee.com\/en\/wp-json\/wp\/v2\/media\/919"}],"wp:attachment":[{"href":"https:\/\/qrmenu.favortecoffee.com\/en\/wp-json\/wp\/v2\/media?parent=921"}],"wp:term":[{"taxonomy":"product_brand","embeddable":true,"href":"https:\/\/qrmenu.favortecoffee.com\/en\/wp-json\/wp\/v2\/product_brand?post=921"},{"taxonomy":"product_cat","embeddable":true,"href":"https:\/\/qrmenu.favortecoffee.com\/en\/wp-json\/wp\/v2\/product_cat?post=921"},{"taxonomy":"product_tag","embeddable":true,"href":"https:\/\/qrmenu.favortecoffee.com\/en\/wp-json\/wp\/v2\/product_tag?post=921"}],"curies":[{"name":"wp","href":"https:\/\/api.w.org\/{rel}","templated":true}]}}