{"id":964,"date":"2025-03-26T18:25:40","date_gmt":"2025-03-26T15:25:40","guid":{"rendered":"https:\/\/baysajans.com\/favorte\/?post_type=product&#038;p=964"},"modified":"2025-04-29T10:54:04","modified_gmt":"2025-04-29T07:54:04","slug":"hindi-fume-sandvic","status":"publish","type":"product","link":"https:\/\/qrmenu.favortecoffee.com\/en\/product\/hindi-fume-sandvic\/","title":{"rendered":"H\u0130ND\u0130 F\u00dcME SANDV\u0130\u00c7"},"content":{"rendered":"","protected":false},"excerpt":{"rendered":"<h4 style=\"color: #2c3f31;\">\u20ba 175<\/h4>\n<p>&nbsp;<\/p>","protected":false},"featured_media":1091,"comment_status":"open","ping_status":"closed","template":"","meta":[],"product_brand":[],"product_cat":[109],"product_tag":[],"class_list":{"0":"post-964","1":"product","2":"type-product","3":"status-publish","4":"has-post-thumbnail","6":"product_cat-sandvicler","8":"first","9":"instock","10":"shipping-taxable","11":"product-type-simple"},"_links":{"self":[{"href":"https:\/\/qrmenu.favortecoffee.com\/en\/wp-json\/wp\/v2\/product\/964","targetHints":{"allow":["GET"]}}],"collection":[{"href":"https:\/\/qrmenu.favortecoffee.com\/en\/wp-json\/wp\/v2\/product"}],"about":[{"href":"https:\/\/qrmenu.favortecoffee.com\/en\/wp-json\/wp\/v2\/types\/product"}],"replies":[{"embeddable":true,"href":"https:\/\/qrmenu.favortecoffee.com\/en\/wp-json\/wp\/v2\/comments?post=964"}],"wp:featuredmedia":[{"embeddable":true,"href":"https:\/\/qrmenu.favortecoffee.com\/en\/wp-json\/wp\/v2\/media\/1091"}],"wp:attachment":[{"href":"https:\/\/qrmenu.favortecoffee.com\/en\/wp-json\/wp\/v2\/media?parent=964"}],"wp:term":[{"taxonomy":"product_brand","embeddable":true,"href":"https:\/\/qrmenu.favortecoffee.com\/en\/wp-json\/wp\/v2\/product_brand?post=964"},{"taxonomy":"product_cat","embeddable":true,"href":"https:\/\/qrmenu.favortecoffee.com\/en\/wp-json\/wp\/v2\/product_cat?post=964"},{"taxonomy":"product_tag","embeddable":true,"href":"https:\/\/qrmenu.favortecoffee.com\/en\/wp-json\/wp\/v2\/product_tag?post=964"}],"curies":[{"name":"wp","href":"https:\/\/api.w.org\/{rel}","templated":true}]}}